{"id":14697,"date":"2021-01-29T09:22:04","date_gmt":"2021-01-29T09:22:04","guid":{"rendered":"https:\/\/www.lead.pe\/azul-group\/?page_id=14697"},"modified":"2021-11-03T20:34:23","modified_gmt":"2021-11-03T20:34:23","slug":"servicios","status":"publish","type":"page","link":"https:\/\/www.agencialead.com\/proyectos\/azul-group\/servicios\/","title":{"rendered":"Servicios"},"content":{"rendered":"<p>[vc_row row_equal_height=\u00bbyes\u00bb css=\u00bb.vc_custom_1615557353574{background-color: #ffffff !important;}\u00bb el_id=\u00bbservicios\u00bb][vc_column]<div class=\"agrikole-content-box clearfix \" data-padding=\"60px\" data-mobipadding=\"40px\" data-margin=\"0px -50px 0 0px\" data-mobimargin=\"-80px 0 0 0\" >\r\n\t\t<div class=\"inner ctb-2146809810\" style=\"\"  data-background=\"#ffffff\" data-rounded=\"5px 5px 0 0\" data-border-style=\"solid\" data-border-style-hover=\"solid\">\r\n\t\t\t\r\n\t\t<\/div>\r\n\t<\/div><div class=\"agrikole-headings clearfix text-center\" data-font=50 data-mfont=60 style=\"\"><div class=\"pre-heading clearfix\" style=\"font-weight:600;color:#5b8c51;font-size:14px;letter-spacing:3px;\">\r\n\t\tQU\u00c9 HACEMOS\r\n\t<\/div><h2 class=\"heading clearfix \" style=\"font-weight:900;line-height:60px;font-family:Ubuntu Condensed;font-size:50px;\">\r\n\t\tNUESTROS SERVICIOS\r\n\t<\/h2><div class=\"sub-heading clearfix\">\r\n\t\t<p><span>Soluciones a medida para nuestros clientes.<\/span><\/p>\n\r\n\t<\/div><div class=\"sep clearfix\" style=\"margin:5px 0 0;\">\r\n\t\t\t\t<img decoding=\"async\" alt=\"image\" src=\"https:\/\/www.agencialead.com\/proyectos\/azul-group\/wp-content\/uploads\/2021\/08\/ramitas-.png\">\r\n\t\t\t<\/div><\/div>\r\n\t<div class=\"agrikole-spacer clearfix\" data-desktop=\"56\" data-mobi=\"40\" data-smobi=\"40\"><\/div>[vc_row_inner el_class=\u00bbfull-on-991&#8243;][vc_column_inner width=\u00bb1\/4&#8243;]<div class=\"agrikole-content-box clearfix \" data-padding=\"30px 10px 30px\" data-mobipadding=\"60px 70px 76px\" data-margin=\"\" data-mobimargin=\"\" >\r\n\t\t<div class=\"inner ctb-1027670551\" style=\"\"  data-background=\"#ffffff\" data-rounded=\"5px\" data-border-color=\"#f5f0e9\" data-border-width=\"1px\" data-border-style=\"solid\" data-border-style-hover=\"solid\" data-shadow-hover=\" 0px 20px 20px 0px rgba(0,0,0,0.05)\" data-translatey=\"-5\">\r\n\t\t\t<div class=\"agrikole-image-box clearfix style-1 text-center\" style=\"\" >\r\n        <div class=\"item\">\r\n            <div class=\"inner\">\r\n                <div class=\"thumb\" style=\"width:120px;margin: 0 auto;\"> <img loading=\"lazy\" decoding=\"async\" width=\"1\" height=\"1\" src=\"https:\/\/www.agencialead.com\/proyectos\/azul-group\/wp-content\/uploads\/2021\/07\/quinoa-1.svg\" class=\"attachment-full size-full\" alt=\"\" \/><\/div>\r\n                <div class=\"text-wrap \" style=\" padding:45px 50px 43px;\">\r\n                    <h4 class=\"title\" style=\"font-weight:400;font-size:20px;font-family:Ubuntu Condensed;\">\r\n        Quinua 365\r\n    <\/h4>  \r\n                <\/div>\r\n            <\/div>\r\n        <\/div>\r\n    <\/div>\r\n\t\t<\/div>\r\n\t<\/div>[\/vc_column_inner][vc_column_inner width=\u00bb1\/4&#8243;]<div class=\"agrikole-content-box clearfix \" data-padding=\"30px 10px 30px\" data-mobipadding=\"60px 70px 76px\" data-margin=\"\" data-mobimargin=\"\" >\r\n\t\t<div class=\"inner ctb-177303954\" style=\"\"  data-background=\"#ffffff\" data-rounded=\"5px\" data-border-color=\"#f5f0e9\" data-border-width=\"1px\" data-border-style=\"solid\" data-border-style-hover=\"solid\">\r\n\t\t\t<div class=\"agrikole-image-box clearfix style-1 text-center\" style=\"\" >\r\n        <div class=\"item\">\r\n            <div class=\"inner\">\r\n                <div class=\"thumb\" style=\"width:120px;margin: 0 auto;\"> <img loading=\"lazy\" decoding=\"async\" width=\"1\" height=\"1\" src=\"https:\/\/www.agencialead.com\/proyectos\/azul-group\/wp-content\/uploads\/2021\/07\/cadena.svg\" class=\"attachment-full size-full\" alt=\"\" \/><\/div>\r\n                <div class=\"text-wrap \" style=\" padding:45px 50px 43px;\">\r\n                    <h4 class=\"title\" style=\"font-weight:400;font-size:20px;font-family:Ubuntu Condensed;\">\r\n        Cadena cerrada\r\n    <\/h4>  \r\n                <\/div>\r\n            <\/div>\r\n        <\/div>\r\n    <\/div>\r\n\t\t<\/div>\r\n\t<\/div>[\/vc_column_inner][vc_column_inner width=\u00bb1\/4&#8243;]<div class=\"agrikole-content-box clearfix \" data-padding=\"30px 10px 30px\" data-mobipadding=\"60px 70px 76px\" data-margin=\"\" data-mobimargin=\"\" >\r\n\t\t<div class=\"inner ctb-107208074\" style=\"\"  data-background=\"#ffffff\" data-rounded=\"5px\" data-border-color=\"#f5f0e9\" data-border-width=\"1px\" data-border-style=\"solid\" data-border-style-hover=\"solid\" data-shadow-hover=\" 0px 20px 20px 0px rgba(0,0,0,0.05)\" data-translatey=\"-5\">\r\n\t\t\t<div class=\"agrikole-image-box clearfix style-1 text-center\" style=\"\" >\r\n        <div class=\"item\">\r\n            <div class=\"inner\">\r\n                <div class=\"thumb\" style=\"width:120px;margin: 0 auto;\"> <img loading=\"lazy\" decoding=\"async\" width=\"1\" height=\"1\" src=\"https:\/\/www.agencialead.com\/proyectos\/azul-group\/wp-content\/uploads\/2021\/07\/Stock-Service.svg\" class=\"attachment-full size-full\" alt=\"\" \/><\/div>\r\n                <div class=\"text-wrap \" style=\" padding:45px 50px 43px;\">\r\n                    <h4 class=\"title\" style=\"font-weight:400;font-size:20px;font-family:Ubuntu Condensed;\">\r\n        Stock Service (JIT)\r\n    <\/h4>  \r\n                <\/div>\r\n            <\/div>\r\n        <\/div>\r\n    <\/div>\r\n\t\t<\/div>\r\n\t<\/div>[\/vc_column_inner][vc_column_inner width=\u00bb1\/4&#8243;]<div class=\"agrikole-content-box clearfix \" data-padding=\"30px 10px 30px\" data-mobipadding=\"60px 70px 76px\" data-margin=\"\" data-mobimargin=\"\" >\r\n\t\t<div class=\"inner ctb-1390549335\" style=\"\"  data-background=\"#ffffff\" data-rounded=\"5px\" data-border-color=\"#f5f0e9\" data-border-width=\"1px\" data-border-style=\"solid\" data-border-style-hover=\"solid\">\r\n\t\t\t<div class=\"agrikole-image-box clearfix style-1 text-center\" style=\"\" >\r\n        <div class=\"item\">\r\n            <div class=\"inner\">\r\n                <div class=\"thumb\" style=\"width:120px;margin: 0 auto;\"> <img loading=\"lazy\" decoding=\"async\" width=\"1\" height=\"1\" src=\"https:\/\/www.agencialead.com\/proyectos\/azul-group\/wp-content\/uploads\/2021\/07\/etiquetas.svg\" class=\"attachment-full size-full\" alt=\"\" \/><\/div>\r\n                <div class=\"text-wrap \" style=\" padding:45px 50px 43px;\">\r\n                    <h4 class=\"title\" style=\"font-weight:400;font-size:20px;font-family:Ubuntu Condensed;\">\r\n        White Lables\r\n    <\/h4>  \r\n                <\/div>\r\n            <\/div>\r\n        <\/div>\r\n    <\/div>\r\n\t\t<\/div>\r\n\t<\/div>[\/vc_column_inner][\/vc_row_inner][\/vc_column][\/vc_row][vc_row css=\u00bb.vc_custom_1611912008912{background-color: #ffffff !important;}\u00bb][vc_column]\r\n\t<div class=\"agrikole-spacer clearfix\" data-desktop=\"90\" data-mobi=\"40\" data-smobi=\"40\"><\/div>[vc_row_inner el_class=\u00bboculto\u00bb][vc_column_inner width=\u00bb1\/2&#8243;]<div class=\"agrikole-content-box clearfix \" data-padding=\"0px 70px 0px 0px\" data-mobipadding=\"0px 0px 0px 0px\" data-margin=\"\" data-mobimargin=\"\" >\r\n\t\t<div class=\"inner ctb-253657511\" style=\"\"  data-background=\"\" data-border-style=\"solid\" data-border-style-hover=\"solid\">\r\n\t\t\t<div class=\"agrikole-simple-image simple \" style=\"border-radius:5px;overflow:hidden;\">\r\n\t\t\t\t<img decoding=\"async\" alt=\"image\" src=\"https:\/\/www.agencialead.com\/proyectos\/azul-group\/wp-content\/uploads\/2021\/03\/foto-1.png\" \/> \r\n\t\t\t<\/div>\r\n\t\t<\/div>\r\n\t<\/div>\r\n\t<div class=\"agrikole-spacer clearfix\" data-desktop=\"0\" data-mobi=\"40\" data-smobi=\"40\"><\/div>[\/vc_column_inner][vc_column_inner width=\u00bb1\/2&#8243;]<div class=\"agrikole-headings clearfix \" data-font=70 data-mfont=60 style=\"\"><div class=\"pre-heading clearfix\" style=\"font-weight:600;color:#5b8c51;font-size:14px;letter-spacing:3px;\">\r\n\t\tCALIDAD\r\n\t<\/div><h2 class=\"heading clearfix \" style=\"line-height:70px;font-size:70px;\">\r\n\t\tNuestros servicios\r\n\t<\/h2><div class=\"sep clearfix\" style=\"margin:5px 0 0;\">\r\n\t\t\t\t<img decoding=\"async\" alt=\"image\" src=\"https:\/\/www.agencialead.com\/proyectos\/azul-group\/wp-content\/uploads\/2021\/08\/ramitas-.png\">\r\n\t\t\t<\/div><\/div>\r\n\t<div class=\"agrikole-spacer clearfix\" data-desktop=\"40\" data-mobi=\"30\" data-smobi=\"30\"><\/div>[vc_column_text]<span>Buscamos soluciones a medida para nuestros clientes. Desde acercarlos al origen de los productos e integrar la labor de campo a su gesti\u00f3n, hasta servicio just in time y desarrollo y producci\u00f3n de marcas blancas.<\/span>[\/vc_column_text]<div class=\"agrikole-list clearfix icon-top\" >\r\n\t\t<div style=\"margin-bottom:2px;\">\r\n\t\t\t<span style=\"padding-left:30px;\"><span class=\"icon \" style=\"color:#5b8c51;font-size:14px;margin-top:6px;\">\r\n\t\t\t<i class=\"pe-7s-check\"><\/i>\r\n\t\t<\/span> <span style=\"font-size:16px;\">Expertos en productos org\u00e1nicos de alta calidad.<\/span><\/span>\r\n\t\t<\/div>\r\n\t<\/div><div class=\"agrikole-list clearfix icon-top\" >\r\n\t\t<div style=\"margin-bottom:2px;\">\r\n\t\t\t<span style=\"padding-left:30px;\"><span class=\"icon \" style=\"color:#5b8c51;font-size:14px;margin-top:6px;\">\r\n\t\t\t<i class=\"pe-7s-check\"><\/i>\r\n\t\t<\/span> <span style=\"font-size:16px;\">Ofrecemos un servicio de trazabilidad en todos nuestros productos.<\/span><\/span>\r\n\t\t<\/div>\r\n\t<\/div><div class=\"agrikole-list clearfix icon-top\" >\r\n\t\t<div style=\"margin-bottom:2px;\">\r\n\t\t\t<span style=\"padding-left:30px;\"><span class=\"icon \" style=\"color:#5b8c51;font-size:14px;margin-top:6px;\">\r\n\t\t\t<i class=\"pe-7s-check\"><\/i>\r\n\t\t<\/span> <span style=\"font-size:16px;\">Tenemos una soluci\u00f3n comercial que se ajusta al tipo de negocio de tu empresa.<\/span><\/span>\r\n\t\t<\/div>\r\n\t<\/div><div class=\"agrikole-list clearfix icon-top\" >\r\n\t\t<div style=\"margin-bottom:2px;\">\r\n\t\t\t<span style=\"padding-left:30px;\"><span class=\"icon \" style=\"color:#5b8c51;font-size:14px;margin-top:6px;\">\r\n\t\t\t<i class=\"pe-7s-check\"><\/i>\r\n\t\t<\/span> <span style=\"font-size:16px;\">Contamos con diversas presentaciones de nuestros productos: Natural processed, precooked, flakes, flour, puffed y Powder.<\/span><\/span>\r\n\t\t<\/div>\r\n\t<\/div><div class=\"agrikole-list clearfix icon-top\" >\r\n\t\t<div style=\"margin-bottom:2px;\">\r\n\t\t\t<span style=\"padding-left:30px;\"><span class=\"icon \" style=\"color:#5b8c51;font-size:14px;margin-top:6px;\">\r\n\t\t\t<i class=\"pe-7s-check\"><\/i>\r\n\t\t<\/span> <span style=\"font-size:16px;\">Nos ajustamos a tu requerimiento con nuestras Bolsas de 25kg, 50kg y 1TM, as\u00ed como con cajas de cart\u00f3n de 20kg.<\/span><\/span>\r\n\t\t<\/div>\r\n\t<\/div><div class=\"agrikole-list clearfix icon-top\" >\r\n\t\t<div style=\"margin-bottom:2px;\">\r\n\t\t\t<span style=\"padding-left:30px;\"><span class=\"icon \" style=\"color:#5b8c51;font-size:14px;margin-top:6px;\">\r\n\t\t\t<i class=\"pe-7s-check\"><\/i>\r\n\t\t<\/span> <span style=\"font-size:16px;\">Si tu negocio necesita o cuenta con una marca propia, nosotros dise\u00f1amos tus empaques y te ofrecemos la opci\u00f3n m\u00e1s rentable de comercializaci\u00f3n.<\/span><\/span>\r\n\t\t<\/div>\r\n\t<\/div>[\/vc_column_inner][\/vc_row_inner]\r\n\t<div class=\"agrikole-spacer clearfix\" data-desktop=\"60\" data-mobi=\"60\" data-smobi=\"60\"><\/div>[\/vc_column][\/vc_row][vc_row full_width=\u00bbstretch_row\u00bb css=\u00bb.vc_custom_1632256044132{border-top-width: 1px !important;border-top-color: #f5f0e9 !important;border-top-style: solid !important;}\u00bb el_class=\u00bboculto\u00bb][vc_column]\r\n\t<div class=\"agrikole-spacer clearfix\" data-desktop=\"60\" data-mobi=\"60\" data-smobi=\"60\"><\/div>[vc_row_inner][vc_column_inner width=\u00bb1\/2&#8243;]<div class=\"agrikole-headings clearfix \" data-font=70 data-mfont=60 style=\"\"><div class=\"pre-heading clearfix\" style=\"font-weight:600;color:#5b8c51;font-size:14px;letter-spacing:3px;\">\r\n\t\tPERSONALIZACI\u00d3N\r\n\t<\/div><h2 class=\"heading clearfix \" style=\"line-height:70px;font-size:70px;\">\r\n\t\tServicio personalizado\r\n\t<\/h2><div class=\"sep clearfix\" style=\"margin:5px 0 0;\">\r\n\t\t\t\t<img decoding=\"async\" alt=\"image\" src=\"https:\/\/www.agencialead.com\/proyectos\/azul-group\/wp-content\/uploads\/2021\/08\/ramitas-.png\">\r\n\t\t\t<\/div><\/div>\r\n\t<div class=\"agrikole-spacer clearfix\" data-desktop=\"50\" data-mobi=\"40\" data-smobi=\"40\"><\/div><div class=\"agrikole-image-box clearfix style-1 \" style=\"\" >\r\n        <div class=\"item\">\r\n            <div class=\"inner\">\r\n                <div class=\"thumb\" style=\"\"> <img loading=\"lazy\" decoding=\"async\" width=\"540\" height=\"174\" src=\"https:\/\/www.agencialead.com\/proyectos\/azul-group\/wp-content\/uploads\/2021\/03\/servicio-personalizado.png\" class=\"attachment-full size-full\" alt=\"\" srcset=\"https:\/\/www.agencialead.com\/proyectos\/azul-group\/wp-content\/uploads\/2021\/03\/servicio-personalizado.png 540w, https:\/\/www.agencialead.com\/proyectos\/azul-group\/wp-content\/uploads\/2021\/03\/servicio-personalizado-300x97.png 300w\" sizes=\"auto, (max-width: 540px) 100vw, 540px\" \/><\/div>\r\n                <div class=\"text-wrap \" style=\" padding:13px 50px; background-color:#5b8c51;\">\r\n                      \r\n                <\/div>\r\n            <\/div>\r\n        <\/div>\r\n    <\/div>\r\n\t<div class=\"agrikole-spacer clearfix\" data-desktop=\"0\" data-mobi=\"40\" data-smobi=\"40\"><\/div>[\/vc_column_inner][vc_column_inner width=\u00bb1\/2&#8243;]\r\n\t<div class=\"agrikole-accordions accordions\"><div class=\"accordion-item accent\" style=\"margin-bottom:10px;\"><h3 class=\"accordion-heading\" style=\"font-weight:600;font-size:18px;border-radius:5px;\">\r\n\t\t\t<span class=\"inner\" style=\"\">\r\n\t\t\t\tPlantas de procesamientos\r\n\t\t\t<\/span>\r\n\t\t<\/h3><div class=\"accordion-content\" style=\"\"><p>Contamos con 2 plantas de procesamiento ubicadas en Arequipa y en Lima.<\/p>\n<p>Nuestra planta en Arequipa puede procesar hasta 500TM de Quinua mensual y en la planta de Lima, podemos procesar hasta 300TM de quinua mensual.<\/p>\n<p>Trabajamos con un inventario de seguridad permanente el cual nos permite atender todos los requerimientos de Granos Andinos durante todo el a\u00f1o.<\/p>\n<p>Contamos con l\u00edneas de proceso, selectores \u00f3pticos y detectores de metales de \u00faltima generaci\u00f3n.<\/p>\n<p>En cada planta contamos con un staff de ingenieros alimentarios que realizan todas las pruebas necesarias en nuestros laboratorios de calidad. As\u00ed garantizamos la trazabilidad de nuestros granos org\u00e1nicos y convencionales.<\/p>\n<\/div><\/div><div class=\"accordion-item accent\" style=\"margin-bottom:10px;\"><h3 class=\"accordion-heading\" style=\"font-weight:600;font-size:18px;border-radius:5px;\">\r\n\t\t\t<span class=\"inner\" style=\"\">\r\n\t\t\t\tEmpacados\r\n\t\t\t<\/span>\r\n\t\t<\/h3><div class=\"accordion-content\" style=\"\"><p>Nuestros empaques son un componente importante y trascendente en la cadena log\u00edstica. Utilizamos materiales ideales que garantizan la seguridad e inocuidad de todos nuestros productos.<\/p>\n<p>Contamos con empaques de 25kg, 50kg y 1TM.<\/p>\n<\/div><\/div><div class=\"accordion-item accent\" style=\"margin-bottom:10px;\"><h3 class=\"accordion-heading\" style=\"font-weight:600;font-size:18px;border-radius:5px;\">\r\n\t\t\t<span class=\"inner\" style=\"\">\r\n\t\t\t\tProductos de marca propia\r\n\t\t\t<\/span>\r\n\t\t<\/h3><div class=\"accordion-content\" style=\"\"><p>Si en tu plan de negocio est\u00e1 la creaci\u00f3n de una marca de alimentos para tu pa\u00eds, \u00a1nosotros somos la soluci\u00f3n! En Globe Natural, contamos con el servicio de empacado de \u201cmarca propia\u201d para que llegue el producto con tu marca y lo puedas comercializar directamente a tu cliente final.<\/p>\n<\/div><\/div><\/div>[\/vc_column_inner][\/vc_row_inner]\r\n\t<div class=\"agrikole-spacer clearfix\" data-desktop=\"120\" data-mobi=\"60\" data-smobi=\"60\"><\/div>[\/vc_column][\/vc_row][vc_row][vc_column width=\u00bb1\/2&#8243;][vc_single_image image=\u00bb15048&#8243;][\/vc_column][vc_column width=\u00bb1\/2&#8243;]<div class=\"agrikole-headings clearfix \"  style=\"\"><div class=\"pre-heading clearfix\" style=\"color:#5b8c51;\">\r\n\t\tCalidad\r\n\t<\/div><h2 class=\"heading clearfix \" style=\"\">\r\n\t\tNuestros Productos\r\n\t<\/h2><div class=\"sep clearfix\" style=\"margin:;\">\r\n\t\t\t\t<img decoding=\"async\" alt=\"image\" src=\"https:\/\/www.agencialead.com\/proyectos\/azul-group\/wp-content\/uploads\/2021\/08\/ramitas-.png\">\r\n\t\t\t<\/div><\/div>[vc_empty_space height=\u00bb30px\u00bb][vc_column_text]<span>Procesamos y exportamos bajo los est\u00e1ndares m\u00e1s altos cumpliendo con regulaciones y certificados internacionales. Controlamos la calidad desde el campo a trav\u00e9s de toda la cadena de valor. Garantizamos consistencia, alta calidad y total trazabilidad. <\/span>[\/vc_column_text][vc_empty_space height=\u00bb50px\u00bb]<div class=\"button-wrap icon-right\" style=\"\" ><a href=\"https:\/\/www.agencialead.com\/projects\/azul-group\/productos\/\" target=\"_self\" class=\"agrikole-button btn-563158413 medium no_icon accent custom\" style=\"border-radius:5px;\"  data-text=\"#ffffff\" data-text-hover=\"#ffffff\" data-background-hover=\"#404a3d\">\r\n\t\t<span style=\"\">Ver productos <\/span>\r\n\t<\/a><\/div>[\/vc_column][\/vc_row][vc_row][vc_column]\r\n\t<div class=\"agrikole-spacer clearfix\" data-desktop=\"120\" data-mobi=\"60\" data-smobi=\"60\"><\/div>[\/vc_column][\/vc_row]<\/p>\n","protected":false},"excerpt":{"rendered":"<p>[vc_row row_equal_height=\u00bbyes\u00bb css=\u00bb.vc_custom_1615557353574{background-color: #ffffff !important;}\u00bb el_id=\u00bbservicios\u00bb][vc_column][vc_row_inner el_class=\u00bbfull-on-991&#8243;][vc_column_inner width=\u00bb1\/4&#8243;][\/vc_column_inner][vc_column_inner width=\u00bb1\/4&#8243;][\/vc_column_inner][vc_column_inner width=\u00bb1\/4&#8243;][\/vc_column_inner][vc_column_inner width=\u00bb1\/4&#8243;][\/vc_column_inner][\/vc_row_inner][\/vc_column][\/vc_row][vc_row css=\u00bb.vc_custom_1611912008912{background-color: #ffffff !important;}\u00bb][vc_column][vc_row_inner el_class=\u00bboculto\u00bb][vc_column_inner width=\u00bb1\/2&#8243;][\/vc_column_inner][vc_column_inner width=\u00bb1\/2&#8243;][vc_column_text]Buscamos soluciones a medida para nuestros clientes. Desde acercarlos al origen de los productos e integrar la labor de campo a su gesti\u00f3n, hasta servicio just in time y desarrollo y producci\u00f3n de marcas<\/p>\n","protected":false},"author":1,"featured_media":0,"parent":0,"menu_order":0,"comment_status":"closed","ping_status":"closed","template":"","meta":{"inline_featured_image":false,"footnotes":""},"class_list":["post-14697","page","type-page","status-publish","hentry"],"_links":{"self":[{"href":"https:\/\/www.agencialead.com\/proyectos\/azul-group\/wp-json\/wp\/v2\/pages\/14697","targetHints":{"allow":["GET"]}}],"collection":[{"href":"https:\/\/www.agencialead.com\/proyectos\/azul-group\/wp-json\/wp\/v2\/pages"}],"about":[{"href":"https:\/\/www.agencialead.com\/proyectos\/azul-group\/wp-json\/wp\/v2\/types\/page"}],"author":[{"embeddable":true,"href":"https:\/\/www.agencialead.com\/proyectos\/azul-group\/wp-json\/wp\/v2\/users\/1"}],"replies":[{"embeddable":true,"href":"https:\/\/www.agencialead.com\/proyectos\/azul-group\/wp-json\/wp\/v2\/comments?post=14697"}],"version-history":[{"count":56,"href":"https:\/\/www.agencialead.com\/proyectos\/azul-group\/wp-json\/wp\/v2\/pages\/14697\/revisions"}],"predecessor-version":[{"id":15827,"href":"https:\/\/www.agencialead.com\/proyectos\/azul-group\/wp-json\/wp\/v2\/pages\/14697\/revisions\/15827"}],"wp:attachment":[{"href":"https:\/\/www.agencialead.com\/proyectos\/azul-group\/wp-json\/wp\/v2\/media?parent=14697"}],"curies":[{"name":"wp","href":"https:\/\/api.w.org\/{rel}","templated":true}]}}